{"id":85,"date":"2019-05-08T14:00:57","date_gmt":"2019-05-08T07:00:57","guid":{"rendered":"https:\/\/pocketdentistry.com\/vi\/?post_type=product&#038;p=85"},"modified":"2022-12-27T23:41:13","modified_gmt":"2022-12-27T16:41:13","slug":"mild-binocular-compound-light-microscope","status":"publish","type":"product","link":"https:\/\/pocketdentistry.com\/vi\/?product=mild-binocular-compound-light-microscope","title":{"rendered":"M\u00e1y t\u0103m n\u01b0\u1edbc kh\u00f4ng d\u00e2y Lock&#038;Lock Cordless Oral Irrigator 200ml &#8211; M\u00e0u xanh &#8211; ENR156BLU"},"content":{"rendered":"<p><img decoding=\"async\" class=\"alignnone size-medium wp-image-17566\" src=\"https:\/\/cf.shopee.vn\/file\/sg-11134202-22110-8ujgedcukejvc1\" \/><br \/>\n<img decoding=\"async\" class=\"alignnone size-medium wp-image-17566\" src=\"https:\/\/cf.shopee.vn\/file\/sg-11134202-22110-lc6d10iukejv89\" \/><br \/>\n<img decoding=\"async\" class=\"alignnone size-medium wp-image-17566\" src=\"https:\/\/cf.shopee.vn\/file\/sg-11134202-22110-q72tkolukejve0\" \/><br \/>\n<img decoding=\"async\" class=\"alignnone size-medium wp-image-17566\" src=\"https:\/\/cf.shopee.vn\/file\/sg-11134202-22110-7akbz4nukejv3e\" \/><\/p>\n<p class=\"N5VAH-\">M\u00e1y t\u0103m n\u01b0\u1edbc kh\u00f4ng d\u00e2y Lock&amp;Lock Cordless Oral Irrigator 200ml &#8211; M\u00e0u xanh &#8211; ENR156BLU<\/p>\n<p class=\"N5VAH-\">Dung t\u00edch: 200ml<\/p>\n<p class=\"N5VAH-\">M\u00e0u s\u1eafc: Xanh da tr\u1eddi<\/p>\n<p class=\"N5VAH-\">Ch\u1ea5t li\u1ec7u:<\/p>\n<p class=\"N5VAH-\">Nh\u1ef1a ABS, nh\u1ef1a PC<\/p>\n<p class=\"N5VAH-\">K\u00edch th\u01b0\u1edbc: 65x85x205mm<\/p>\n<p class=\"N5VAH-\">S\u1ea3n ph\u1ea9m bao g\u1ed3m: 02 \u0111\u1ea7u t\u0103m, 01 d\u00e2y s\u1ea1c \u0111i k\u00e8m (kh\u00f4ng k\u00e8m adapter), 01 th\u00e2n m\u00e1y t\u0103m n\u01b0\u1edbc.<\/p>\n<p class=\"N5VAH-\">\u01afu \u0111i\u1ec3m n\u1ed5i b\u1eadt:<\/p>\n<p class=\"N5VAH-\">&#8211; Ch\u1ed1ng th\u1ea5m n\u01b0\u1edbc IPX7<\/p>\n<p class=\"N5VAH-\">&#8211; Sau 2 ph\u00fat ho\u1ea1t \u0111\u1ed9ng m\u00e1y c\u00f3 th\u1ec3 t\u1ef1 \u0111\u1ed9ng t\u1eaft<\/p>\n<p class=\"N5VAH-\">&#8211; Dung t\u00edch b\u00ecnh n\u01b0\u1edbc l\u00ean \u0111\u1ebfn 200ml<\/p>\n<p class=\"N5VAH-\">&#8211; Tia n\u01b0\u1edbc m\u1ea3nh ch\u1ec9 0.6mm<\/p>\n<p class=\"N5VAH-\">C\u00e1c ch\u1ebf \u0111\u1ed9 ho\u1ea1t \u0111\u1ed9ng<\/p>\n<p class=\"N5VAH-\">(\u0110\u00e1p \u1ee9ng c\u00e1c nhu c\u1ea7u ch\u0103m s\u00f3c r\u0103ng mi\u1ec7ng kh\u00e1c nhau)<\/p>\n<p class=\"N5VAH-\">01. \u0110\u1ea7u t\u0103m xoay 360 \u00b0 &#8211; L\u00e0m s\u1ea1ch r\u0103ng mi\u1ec7ng theo nhi\u1ec1u h\u01b0\u1edbng<\/p>\n<p class=\"N5VAH-\">02. N\u00fat nh\u1ea3 v\u00f2i phun &#8211; D\u1ec5 d\u00e0ng th\u00e1o v\u00f2i phun<\/p>\n<p class=\"N5VAH-\">03. B\u00ecnh ch\u1ee9a n\u01b0\u1edbc c\u00f3 th\u1ec3 d\u1ec5 d\u00e0ng th\u00e1o r\u1eddi Thu\u1eadn ti\u1ec7n cho l\u00e0m \u0111\u1ea7y v\u00e0 l\u00e0m s\u1ea1ch b\u00ecnh n\u01b0\u1edbc<\/p>\n<p class=\"N5VAH-\">04. Thi\u1ebft k\u1ebf c\u1ed5ng s\u1ea1c USB &#8211; C\u00f3 th\u1ec3 s\u1ea1c \u0111\u1ea7y trong v\u00f2ng 4 gi\u1edd. V\u00e0 m\u1ed9t l\u1ea7n s\u1ea1c \u0111\u1ea7y c\u00f3 th\u1ec3 s\u1eed d\u1ee5ng \u0111\u01b0\u1ee3c l\u00ean \u0111\u1ebfn 20 ng\u00e0y<\/p>\n<p class=\"N5VAH-\">&#8211; S\u1ea3n ph\u1ea9m ch\u1ec9 d\u00e0nh cho h\u1ed9 gia \u0111\u00ecnh.<\/p>\n<p class=\"N5VAH-\">&#8211; \u0110\u1ecdc k\u1ef9 h\u01b0\u1edbng d\u1eabn s\u1eed d\u1ee5ng tr\u01b0\u1edbc khi d\u00f9ng \u0111\u1ec3 \u0111\u1ea3m b\u1ea3o ho\u1ea1t \u0111\u1ed9ng an to\u00e0n v\u00e0 ch\u00ednh x\u00e1c.<\/p>\n<p class=\"N5VAH-\">&#8211; Tr\u1ebb em kh\u00f4ng \u0111\u01b0\u1ee3c ph\u00e9p s\u1eed d\u1ee5ng m\u1eb7t h\u00e0ng n\u00e0y.<\/p>\n<p class=\"N5VAH-\">&#8211; \u0110\u1ea3m b\u1ea3o an to\u00e0n \u0111i\u1ec7n khi s\u1eed d\u1ee5ng.<\/p>\n<p class=\"N5VAH-\">&#8211; Ch\u1ec9 s\u1eed d\u1ee5ng n\u01b0\u1edbc \u0111\u01a1n thu\u1ea7n ho\u1eb7c n\u01b0\u1edbc trung t\u00ednh \u0111\u1ec3 v\u1ec7 sinh thi\u1ebft b\u1ecb.<\/p>\n<p class=\"N5VAH-\">&#8211; B\u1ea3o qu\u1ea3n thi\u1ebft b\u1ecb \u1edf n\u01a1i kh\u00f4 r\u00e1o, m\u00e1t m\u1ebb, tr\u00e1nh nhi\u1ec7t \u0111\u1ed9 cao, \u00e1nh n\u1eafng tr\u1ef1c ti\u1ebfp.<\/p>\n","protected":false},"excerpt":{"rendered":"<p>M\u00e1y t\u0103m n\u01b0\u1edbc kh\u00f4ng d\u00e2y Lock&amp;Lock Cordless Oral Irrigator 200ml &#8211; M\u00e0u xanh &#8211; ENR156BLU Dung t\u00edch: 200ml M\u00e0u s\u1eafc: Xanh da tr\u1eddi Ch\u1ea5t li\u1ec7u: Nh\u1ef1a ABS, nh\u1ef1a PC K\u00edch th\u01b0\u1edbc: 65x85x205mm S\u1ea3n ph\u1ea9m bao g\u1ed3m: 02 \u0111\u1ea7u t\u0103m, 01 d\u00e2y s\u1ea1c \u0111i k\u00e8m (kh\u00f4ng k\u00e8m adapter), 01 th\u00e2n m\u00e1y t\u0103m n\u01b0\u1edbc. \u01afu \u0111i\u1ec3m n\u1ed5i [&hellip;]<\/p>\n","protected":false},"featured_media":17566,"comment_status":"open","ping_status":"closed","template":"","meta":[],"product_cat":[94,101,106,37,110,83],"product_tag":[80,86,88,89],"class_list":{"0":"post-85","1":"product","2":"type-product","3":"status-publish","4":"has-post-thumbnail","6":"product_cat-accessories-tools","7":"product_cat-devices","8":"product_cat-education","9":"product_cat-equipment","10":"product_cat-micrscope","11":"product_cat-tools","12":"product_tag-theme-sky","13":"product_tag-upstore","14":"product_tag-woocommerce","15":"product_tag-wordpress","16":"ts_product_brand-wetakecare","18":"first","19":"instock","20":"featured","21":"shipping-taxable","22":"purchasable","23":"product-type-simple"},"_links":{"self":[{"href":"https:\/\/pocketdentistry.com\/vi\/index.php?rest_route=\/wp\/v2\/product\/85","targetHints":{"allow":["GET"]}}],"collection":[{"href":"https:\/\/pocketdentistry.com\/vi\/index.php?rest_route=\/wp\/v2\/product"}],"about":[{"href":"https:\/\/pocketdentistry.com\/vi\/index.php?rest_route=\/wp\/v2\/types\/product"}],"replies":[{"embeddable":true,"href":"https:\/\/pocketdentistry.com\/vi\/index.php?rest_route=%2Fwp%2Fv2%2Fcomments&post=85"}],"wp:featuredmedia":[{"embeddable":true,"href":"https:\/\/pocketdentistry.com\/vi\/index.php?rest_route=\/wp\/v2\/media\/17566"}],"wp:attachment":[{"href":"https:\/\/pocketdentistry.com\/vi\/index.php?rest_route=%2Fwp%2Fv2%2Fmedia&parent=85"}],"wp:term":[{"taxonomy":"product_cat","embeddable":true,"href":"https:\/\/pocketdentistry.com\/vi\/index.php?rest_route=%2Fwp%2Fv2%2Fproduct_cat&post=85"},{"taxonomy":"product_tag","embeddable":true,"href":"https:\/\/pocketdentistry.com\/vi\/index.php?rest_route=%2Fwp%2Fv2%2Fproduct_tag&post=85"}],"curies":[{"name":"wp","href":"https:\/\/api.w.org\/{rel}","templated":true}]}}