{"id":194,"date":"2019-04-02T17:17:58","date_gmt":"2019-04-02T10:17:58","guid":{"rendered":"https:\/\/pocketdentistry.com\/vi\/?post_type=product&#038;p=194"},"modified":"2022-12-27T23:55:07","modified_gmt":"2022-12-27T16:55:07","slug":"radio-fluoroscopy-system","status":"publish","type":"product","link":"https:\/\/pocketdentistry.com\/vi\/?product=radio-fluoroscopy-system","title":{"rendered":"Kem \u0110\u00e1nh R\u0103ng Median Dental IQ"},"content":{"rendered":"<p>&#8211; Median \u0111\u00e3 \u0111\u1ecbnh v\u1ecb m\u00ecnh l\u00e0 m\u1ed9t th\u01b0\u01a1ng hi\u1ec7u ch\u0103m s\u00f3c r\u0103ng mi\u1ec7ng chuy\u00ean v\u1ec1 c\u00e1c s\u1ea3n ph\u1ea9m ch\u1ee9c n\u0103ng k\u1ec3 t\u1eeb khi ra m\u1eaft v\u00e0o n\u0103m 1983 v\u00e0 \u0111\u00e3 n\u1ed7 l\u1ef1c trong h\u01a1n 30 n\u0103m qua \u0111\u1ec3 b\u1ea3o v\u1ec7 s\u1ee9c kh\u1ecfe r\u0103ng mi\u1ec7ng c\u1ee7a kh\u00e1ch h\u00e0ng.<\/p>\n<p>&nbsp;<\/p>\n<p>Nuty v\u1ec1 4 d\u00f2ng:<\/p>\n<p>Kem \u0110\u00e1nh R\u0103ng MEDIAN Dental IQ Tartar Protection Toothpaste &#8211; Original (M\u00e0u Xanh D\u01b0\u01a1ng): lo\u1ea1i nguy\u00ean b\u1ea3n, gi\u00fap l\u00e0m s\u1ea1ch men r\u0103ng v\u00e0 ng\u0103n ng\u1eeba vi\u00eam n\u01b0\u1edbu. H\u01b0\u01a1ng b\u1ea1c h\u00e0 d\u1ecbu nh\u1eb9 v\u00e0 ng\u1ecdt ng\u00e0o.<\/p>\n<p>Kem \u0110\u00e1nh R\u0103ng MEDIAN Dental IQ Tartar Protection Toothpaste &#8211; Fresh Breath (M\u00e0u \u0110\u1ecf): kh\u1eed m\u00f9i v\u00e0 ng\u0103n ng\u1eeba h\u00f4i mi\u1ec7ng, d\u00e0nh cho ng\u01b0\u1eddi h\u00fat thu\u1ed1c, u\u1ed1ng r\u01b0\u1ee3u bia ho\u1eb7c b\u1ecb vi\u00eam l\u1ee3i. H\u01b0\u01a1ng b\u1ea1c h\u00e0 the m\u00e1t, s\u1ea3ng kho\u00e1i t\u1ed1i \u0111a.<\/p>\n<p>Kem \u0110\u00e1nh R\u0103ng MEDIAN Dental IQ Tartar Protection Toothpaste &#8211; White (M\u00e0u Tr\u1eafng B\u1ea1c): l\u00e0m s\u00e1ng r\u0103ng, ng\u0103n m\u1ea3ng b\u00e1m, d\u00e0nh cho ng\u01b0\u1eddi h\u00fat thu\u1ed1c, u\u1ed1ng nhi\u1ec1u tr\u00e0 \/ cafe d\u1eabn \u0111\u1ebfn men r\u0103ng \u1ed1 x\u1ec9n. H\u01b0\u01a1ng chanh b\u1ea1c h\u00e0 hoa c\u1ecf ng\u1ecdt ng\u00e0o.<\/p>\n<p>Kem \u0110\u00e1nh R\u0103ng MEDIAN Dental IQ Tartar Protection Toothpaste &#8211; Gum (M\u00e0u Xanh Ng\u1ecdc): b\u1ea3o v\u1ec7 n\u01b0\u1edbu, d\u00e0nh cho ng\u01b0\u1eddi b\u1ecb s\u00e2u r\u0103ng, men r\u0103ng y\u1ebfu, nh\u1ea1y c\u1ea3m, th\u01b0\u1eddng xuy\u00ean b\u1ecb nhi\u1ec7t, \u00ea bu\u1ed1t ch\u1ea3y m\u00e1u ch\u00e2n r\u0103ng. H\u01b0\u01a1ng b\u1ea1c h\u00e0 th\u1ea3o m\u1ed9c tr\u00e0 xanh th\u01a1m m\u00e1t, d\u1ec5 ch\u1ecbu.<\/p>\n<p>&nbsp;<\/p>\n<p>C\u00f4ng D\u1ee5ng:<\/p>\n<p>&#8211; Tinh th\u1ec3 h\u1ea1t li ti gi\u00fap th\u01b0 gi\u1ea3n v\u00e0 s\u1ea3ng kho\u00e1i<\/p>\n<p>&#8211; H\u1ed7 tr\u1ee3 gi\u1ea3m cho c\u00e1c v\u1ea5n \u0111\u1ec1 v\u1ec1 n\u01b0\u1edbu, l\u1ee3i, t\u1ea9y s\u1ea1ch cao r\u0103ng \u0111\u1ed3ng th\u1eddi c\u00f3 t\u00e1c d\u1ee5ng tr\u1eafng r\u0103ng.<\/p>\n<p>&#8211; B\u1ea3o v\u1ec7 s\u1ee9c kh\u1ecfe r\u0103ng mi\u1ec7ng ,gi\u00fap h\u01a1i th\u1edf th\u01a1m tho ,ch\u1ed1ng v\u00e0 ng\u0103n ng\u1eeba h\u00f4i mi\u1ec7ng cho b\u1ea1n t\u1ef1 tin su\u1ed1t c\u1ea3 ng\u00e0y<\/p>\n<p>&#8211; Tinh ch\u1ea5t b\u1ea1c h\u00e0 mang l\u1ea1i h\u01a1i th\u1edf th\u01a1m m\u00e1t d\u00e0i l\u00e2u, kh\u00f4ng d\u1ecb \u1ee9ng v\u00e0 s\u00e2u r\u0103ng r\u1ea5t hi\u1ec7u qu\u1ea3.<\/p>\n<p>&#8211; V\u1edbi dung l\u01b0\u1ee3ng b\u1eb1ng m\u1ed9t h\u1ea1t b\u1eafp l\u00e0 \u0111\u00e3 \u0111\u1ee7 d\u00f9ng cho m\u1ed9t l\u1ea7n \u0111\u00e1nh r\u0103ng, r\u1ea5t ti\u1ebft ki\u1ec7m.<\/p>\n<p>&nbsp;<\/p>\n<p>H\u01b0\u1edbng d\u1eabn s\u1eed d\u1ee5ng:<\/p>\n<p>&#8211; Cho m\u1ed9t l\u01b0\u1ee3ng kho\u1ea3ng 2,5 cm kem \u0111\u00e1nh r\u0103ng l\u00ean b\u00e0n ch\u1ea3i c\u00f3 thi\u1ebft k\u1ebf l\u00f4ng m\u1ec1m \u0111\u1ec3 s\u1eed d\u1ee5ng.<\/p>\n<p>&#8211; \u0110\u00e1nh r\u0103ng 2 l\u1ea7n\/ng\u00e0y v\u00e0o s\u00e1ng ho\u1eb7c t\u1ed1i ho\u1eb7c t\u1ed1t nh\u1ea5t n\u00ean s\u1eed d\u1ee5ng sau m\u1ed7i b\u1eefa \u0103n \u0111\u1ec3 tr\u00e1nh m\u1ea3ng b\u00e1m v\u00e0 ng\u0103n ng\u1eeba s\u00e2u r\u0103ng hi\u1ec7u qu\u1ea3 nh\u1ea5t.<\/p>\n<p>&nbsp;<\/p>\n<p>&#8211; Xu\u1ea5t x\u1ee9: H\u00e0n Qu\u1ed1c<\/p>\n<p>&#8211; Tr\u1ecdng l\u01b0\u1ee3ng: 120g<\/p>\n<p>&#8211; Th\u01b0\u01a1ng hi\u1ec7u: Median<\/p>\n<p>&#8211; H\u1ea1n s\u1eed d\u1ee5ng: 3 n\u0103m k\u1ec3 t\u1eeb ng\u00e0y s\u1ea3n xu\u1ea5t ( xem d\u01b0\u1edbi \u0111\u00e1y h\u1ed9p )<\/p>\n<h1 id=\"title\" class=\"a-size-large a-spacing-none\"><\/h1>\n","protected":false},"excerpt":{"rendered":"<p>&#8211; Median \u0111\u00e3 \u0111\u1ecbnh v\u1ecb m\u00ecnh l\u00e0 m\u1ed9t th\u01b0\u01a1ng hi\u1ec7u ch\u0103m s\u00f3c r\u0103ng mi\u1ec7ng chuy\u00ean v\u1ec1 c\u00e1c s\u1ea3n ph\u1ea9m ch\u1ee9c n\u0103ng k\u1ec3 t\u1eeb khi ra m\u1eaft v\u00e0o n\u0103m 1983 v\u00e0 \u0111\u00e3 n\u1ed7 l\u1ef1c trong h\u01a1n 30 n\u0103m qua \u0111\u1ec3 b\u1ea3o v\u1ec7 s\u1ee9c kh\u1ecfe r\u0103ng mi\u1ec7ng c\u1ee7a kh\u00e1ch h\u00e0ng. &nbsp; Nuty v\u1ec1 4 d\u00f2ng: Kem \u0110\u00e1nh [&hellip;]<\/p>\n","protected":false},"featured_media":17577,"comment_status":"open","ping_status":"closed","template":"","meta":[],"product_cat":[33,35,66],"product_tag":[80,86,88,89],"class_list":{"0":"post-194","1":"product","2":"type-product","3":"status-publish","4":"has-post-thumbnail","6":"product_cat-diagnosis","7":"product_cat-endoscopes","8":"product_cat-otoscopes","9":"product_tag-theme-sky","10":"product_tag-upstore","11":"product_tag-woocommerce","12":"product_tag-wordpress","13":"ts_product_brand-heartrate","15":"first","16":"instock","17":"featured","18":"shipping-taxable","19":"purchasable","20":"product-type-simple"},"_links":{"self":[{"href":"https:\/\/pocketdentistry.com\/vi\/index.php?rest_route=\/wp\/v2\/product\/194","targetHints":{"allow":["GET"]}}],"collection":[{"href":"https:\/\/pocketdentistry.com\/vi\/index.php?rest_route=\/wp\/v2\/product"}],"about":[{"href":"https:\/\/pocketdentistry.com\/vi\/index.php?rest_route=\/wp\/v2\/types\/product"}],"replies":[{"embeddable":true,"href":"https:\/\/pocketdentistry.com\/vi\/index.php?rest_route=%2Fwp%2Fv2%2Fcomments&post=194"}],"wp:featuredmedia":[{"embeddable":true,"href":"https:\/\/pocketdentistry.com\/vi\/index.php?rest_route=\/wp\/v2\/media\/17577"}],"wp:attachment":[{"href":"https:\/\/pocketdentistry.com\/vi\/index.php?rest_route=%2Fwp%2Fv2%2Fmedia&parent=194"}],"wp:term":[{"taxonomy":"product_cat","embeddable":true,"href":"https:\/\/pocketdentistry.com\/vi\/index.php?rest_route=%2Fwp%2Fv2%2Fproduct_cat&post=194"},{"taxonomy":"product_tag","embeddable":true,"href":"https:\/\/pocketdentistry.com\/vi\/index.php?rest_route=%2Fwp%2Fv2%2Fproduct_tag&post=194"}],"curies":[{"name":"wp","href":"https:\/\/api.w.org\/{rel}","templated":true}]}}