{"id":189,"date":"2019-04-02T17:16:06","date_gmt":"2019-04-02T10:16:06","guid":{"rendered":"https:\/\/pocketdentistry.com\/vi\/?post_type=product&#038;p=189"},"modified":"2022-12-28T00:00:38","modified_gmt":"2022-12-27T17:00:38","slug":"bronze-blood-pressure-monitor","status":"publish","type":"product","link":"https:\/\/pocketdentistry.com\/vi\/?product=bronze-blood-pressure-monitor","title":{"rendered":"\u0110\u1ea7u thay B\u00c0N CH\u1ea2I \u0110I\u1ec6N CH\u00cdNH H\u00c3NG T &#8211; FLASH Q5"},"content":{"rendered":"<p>\u201c\u201c\ud835\udc13\ud835\udc21\ud835\udc1a\ud835\udc32 \ud835\udc2d\ud835\udc21\ud835\udc1e\u0302\u0301 \ud835\udc21\ud835\udc28\ud835\udc1a\u0300\ud835\udc27 \ud835\udc2d\ud835\udc28\ud835\udc1a\u0300\ud835\udc27 \ud835\udc1b\ud835\udc1a\u0300\ud835\udc27 \ud835\udc1c\ud835\udc21\ud835\udc1a\u0309\ud835\udc22 \ud835\udc2d\ud835\udc2b\ud835\udc2e\ud835\udc32\ud835\udc1e\u0302\u0300\ud835\udc27 \ud835\udc2d\ud835\udc21\ud835\udc28\u0302\u0301\ud835\udc27\ud835\udc20 \ud835\udc1b\ud835\udc1a\u0306\u0300\ud835\udc27\ud835\udc20 \ud835\udc1b\ud835\udc1a\u0300\ud835\udc27 \ud835\udc1c\ud835\udc21\ud835\udc1a\u0309\ud835\udc22 \u0111\ud835\udc22\ud835\udc1e\u0323\u0302\ud835\udc27\u201d? \ud835\udc13\ud835\udc1a\u0323\ud835\udc22 \ud835\udc2c\ud835\udc1a\ud835\udc28 \ud835\udc24\ud835\udc21\ud835\udc28\u0302\ud835\udc27\ud835\udc20\u201d?<\/p>\n<p>Vi\u1ec7c ch\u0103m t\u00f3c r\u0103ng mi\u1ec7ng g\u1ea7n nh\u01b0 \u0111ang r\u1ea5t \u0111\u01b0\u1ee3c ch\u00fa tr\u1ecdng, \u0111\u01a1n gi\u1ea3n c\u00f3 th\u1ec3 hi\u1ec7u m\u1ed9t h\u00e0m r\u0103ng ch\u1eafc kh\u1ecfe lu\u00f4n l\u00e0 \u0111i\u1ec3m c\u1ed9ng khi giao ti\u1ebfp v\u1edbi m\u1ecdi ng\u01b0\u1eddi.<\/p>\n<p>\ud83d\udc49 \ud835\udc0c\ud835\udc28\u0323\u0302\ud835\udc2d \ud835\udc1b\ud835\udc28\u0323\u0302 \ud835\udc2c\ud835\udc1a\u0309\ud835\udc27 \ud835\udc29\ud835\udc21\ud835\udc1a\u0302\u0309\ud835\udc26 \ud835\udc1b\ud835\udc1a\ud835\udc28 \ud835\udc20\ud835\udc28\u0302\u0300\ud835\udc26:<br \/>\n+ \u0110\u1ea7u b\u00e0n ch\u1ea3i (k\u00e8m th\u00eam 1 \u0111\u1ea7u thay th\u1ebf \u0111\u01b0\u1ee3c \u0111\u1eb7t trong h\u1ed9p s\u1ea1c)<br \/>\n+ M\u1ed9t th\u00e2n b\u00e0n ch\u1ea3i<br \/>\n+ 01 s\u1ea1c kh\u00f4ng d\u00e2y bao g\u1ed3m \u0111\u1ebf s\u1ea1c<br \/>\n+ 1 t\u1edd HDSD k\u00e8m theo<\/p>\n<p>* Th\u00f4ng s\u1ed1:<br \/>\nTr\u1ecdng l\u01b0\u1ee3ng: 266g<br \/>\nTh\u1eddi gian s\u1ea1c: 5 gi\u1edd<br \/>\nC\u00f4ng su\u1ea5t \u0111\u1ecbnh m\u1ee9c: 2W<br \/>\n\u0110i\u1ec7n \u00e1p \u0111\u1ecbnh m\u1ee9c: 3.7V<br \/>\nK\u00edch th\u01b0\u1edbc: 52*52*235mm<\/p>\n<p>\ud83d\udc49 \ud83d\udc49 \ud835\udc13\ud835\udc22\u0301\ud835\udc27\ud835\udc21 \ud835\udc27\ud835\udc1a\u0306\ud835\udc27\ud835\udc20 \ud835\udc2c\ud835\udc1a\u0309\ud835\udc27 \ud835\udc29\ud835\udc21\ud835\udc1a\u0302\u0309\ud835\udc26:<br \/>\n+ Th\u1eddi gian n\u1ea1p pin \u0111\u1ec3 s\u1eed d\u1ee5ng l\u00e0 5 ti\u1ebfng, th\u1eddi gian s\u1eed d\u1ee5ng l\u00ean \u0111\u1ebfn 45 ng\u00e0y<br \/>\n+ V\u1edbi th\u00e2n m\u00e1y l\u00e0m ho\u00e0n to\u00e0n t\u1eeb h\u1ee3p ch\u1ea5t ABS, PC v\u1edbi dung l\u01b0\u1ee3ng 800mAh<br \/>\n+ S\u1ea1c c\u1ea3m \u1ee9ng kh\u00f4ng d\u00e2y k\u00e8m theo<br \/>\n+ L\u00f4ng b\u00e0n ch\u1ea3i thi\u1ebft k\u1ebf t\u1eeb than tre c\u00f3 kh\u1ea3 n\u0103ng kh\u00e1ng khu\u1ea9n c\u1ef1c t\u1ed1t cho r\u0103ng mi\u1ec7ng<\/p>\n<p>\ud83d\udc49 \ud83d\udc49 \ud835\udc14\u031b\ud835\udc2e \u0111\ud835\udc22\ud835\udc1e\u0302\u0309\ud835\udc26 \ud835\udc2b\ud835\udc22\ud835\udc1e\u0302\ud835\udc27\ud835\udc20 \ud835\udc1c\ud835\udc2e\u0309\ud835\udc1a \ud835\udc2c\ud835\udc1a\u0309\ud835\udc27 \ud835\udc29\ud835\udc21\ud835\udc1a\u0302\u0309\ud835\udc26:<\/p>\n<p>+ 4 ch\u1ebf \u0111\u1ed9 l\u00e0m s\u1ea1ch:<br \/>\n\ud83d\udccc\ud835\udc02\ud835\udc25\ud835\udc1e\ud835\udc1a\ud835\udc27- \ud835\udc25\ud835\udc1a\u0300\ud835\udc26 \ud835\udc2c\ud835\udc1a\u0323\ud835\udc1c\ud835\udc21: t\u1ea7n s\u1ed1 rung \u0111\u1ea3m b\u1ea3o \u0111\u01b0\u1ee3c vi\u1ec7c l\u00e0m s\u1ea1ch r\u0103ng to\u00e0n di\u1ec7n<br \/>\n\ud83d\udccc\ud835\udc16\ud835\udc21\ud835\udc22\ud835\udc2d\ud835\udc1e- \ud835\udc25\ud835\udc1a\u0300\ud835\udc26 \ud835\udc2d\ud835\udc2b\ud835\udc1a\u0306\u0301\ud835\udc27\ud835\udc20: V\u1edbi \u0111\u1ed9 hi\u1ec7u qu\u1ea3 g\u1ea5p nhi\u1ec1u l\u1ea7n so v\u1edbi b\u00e0n ch\u1ea3i truy\u1ec1n th\u1ed1ng gi\u00fap r\u0103ng b\u1eadt tone t\u1ed1i \u0111a<br \/>\n\ud83d\udccc\ud835\udc0f\ud835\udc28\ud835\udc25\ud835\udc22\ud835\udc2c\ud835\udc21\ud835\udc22\ud835\udc27\ud835\udc20 &#8211; \u0111\ud835\udc1a\u0301\ud835\udc27\ud835\udc21 \ud835\udc1b\ud835\udc28\u0301\ud835\udc27\ud835\udc20: hi\u1ec7u qu\u1ea3 l\u00e0m b\u00f3ng r\u0103ng \u1ed5n \u00e1p<br \/>\n\ud83d\udccc \ud835\udc12\ud835\udc1e\ud835\udc27\ud835\udc2c\ud835\udc2d\ud835\udc22\ud835\udc2d\ud835\udc22\ud835\udc2f\ud835\udc1e &#8211; \ud835\udc1c\ud835\udc21\ud835\udc1e\u0302\u0301 \u0111\ud835\udc28\u0323\u0302 \ud835\udc1c\ud835\udc21\ud835\udc28 \ud835\udc2b\ud835\udc1a\u0306\ud835\udc27\ud835\udc20 \ud835\udc27\ud835\udc21\ud835\udc1a\u0323\ud835\udc32 \ud835\udc1c\ud835\udc1a\u0309\ud835\udc26: chuy\u00ean bi\u1ec7t cho r\u0103ng nh\u1ea1y c\u1ea3m v\u1edbi d\u00f2ng l\u00e0m s\u1ea1ch c\u00f3 t\u1ea7n s\u1ed1 cao, \u0111\u1ea3m b\u1ea3o l\u00e0m s\u1ea1ch m\u00e0 kh\u00f4ng g\u00e2y \u1ea3nh h\u01b0\u1edfng \u0111\u1ebfn men r\u0103ng<br \/>\n+ Ch\u1ebf \u0111\u1ed9 rung: \ud835\udfd1\ud835\udfcf.\ud835\udfce\ud835\udfce\ud835\udfce \u2013 \ud835\udfd2\ud835\udfcf.\ud835\udfce\ud835\udfce\ud835\udfce \ud835\udc25\ud835\udc1a\u0302\u0300\ud835\udc27\/\ud835\udc29\ud835\udc21\ud835\udc2e\u0301\ud835\udc2d<br \/>\n+ M\u00e0u s\u1eafc: Xanh \u2013 H\u1ed3ng<br \/>\n+ B\u00e0n ch\u1ea3i \u0111\u01b0\u1ee3c \u0111\u1eb7t ho\u00e0n to\u00e0n trong h\u1ed9p s\u1ea1c, c\u00f3 th\u1ec3 b\u1eadt t\u00ednh n\u0103ng kh\u1eed tr\u00f9ng b\u1ea5t c\u1ee9 l\u00fac n\u00e0o, kh\u1eed tr\u00f9ng b\u1eb1ng tia c\u1ef1c t\u00edm UVC \u0111\u1ea3m b\u1ea3o vi\u1ec7c ng\u0103n ch\u0103n ho\u00e0n to\u00e0n vi khu\u1ea9n x\u00e2m nh\u1eadp<\/p>\n<p>=&gt; \ud835\udc02\ud835\udc1a\u0301\ud835\udc1c\ud835\udc21 \ud835\udc24\ud835\udc21\ud835\udc28\u031b\u0309\ud835\udc22 \u0111\ud835\udc28\u0323\u0302\ud835\udc27\ud835\udc20 \ud835\udc2d\ud835\udc22\u0301\ud835\udc27\ud835\udc21 \ud835\udc27\ud835\udc1a\u0306\ud835\udc27\ud835\udc20 \ud835\udc24\ud835\udc21\ud835\udc2e\u031b\u0309 \ud835\udc2d\ud835\udc2b\ud835\udc2e\u0300\ud835\udc27\ud835\udc20 \ud835\udc1c\ud835\udc2e\u0309\ud835\udc1a \ud835\udc1b\ud835\udc1a\u0300\ud835\udc27 \ud835\udc1c\ud835\udc21\ud835\udc1a\u0309\ud835\udc22 \u0111\ud835\udc22\ud835\udc1e\u0323\u0302\ud835\udc27 \ud835\udc13-\ud835\udc1f\ud835\udc25\ud835\udc1a\ud835\udc2c\ud835\udc21 \ud835\udc10\ud835\udfce\ud835\udfd3: nh\u1ea5n \u0111\u00fap v\u00e0o n\u00fat tr\u00ean th\u00e2n m\u00e1y \u0111\u1ec3 b\u1eadt kh\u1edfi \u0111\u1ed9ng, quy tr\u00ecnh kh\u1eed tr\u00f9ng s\u1ebd t\u1ef1 \u0111\u1ed9ng ng\u1eaft sau 5 ph\u00fat ho\u1ea1t \u0111\u1ed9ng<\/p>\n","protected":false},"excerpt":{"rendered":"<p>\u201c\u201c\ud835\udc13\ud835\udc21\ud835\udc1a\ud835\udc32 \ud835\udc2d\ud835\udc21\ud835\udc1e\u0302\u0301 \ud835\udc21\ud835\udc28\ud835\udc1a\u0300\ud835\udc27 \ud835\udc2d\ud835\udc28\ud835\udc1a\u0300\ud835\udc27 \ud835\udc1b\ud835\udc1a\u0300\ud835\udc27 \ud835\udc1c\ud835\udc21\ud835\udc1a\u0309\ud835\udc22 \ud835\udc2d\ud835\udc2b\ud835\udc2e\ud835\udc32\ud835\udc1e\u0302\u0300\ud835\udc27 \ud835\udc2d\ud835\udc21\ud835\udc28\u0302\u0301\ud835\udc27\ud835\udc20 \ud835\udc1b\ud835\udc1a\u0306\u0300\ud835\udc27\ud835\udc20 \ud835\udc1b\ud835\udc1a\u0300\ud835\udc27 \ud835\udc1c\ud835\udc21\ud835\udc1a\u0309\ud835\udc22 \u0111\ud835\udc22\ud835\udc1e\u0323\u0302\ud835\udc27\u201d? \ud835\udc13\ud835\udc1a\u0323\ud835\udc22 \ud835\udc2c\ud835\udc1a\ud835\udc28 \ud835\udc24\ud835\udc21\ud835\udc28\u0302\ud835\udc27\ud835\udc20\u201d? Vi\u1ec7c ch\u0103m t\u00f3c r\u0103ng mi\u1ec7ng g\u1ea7n nh\u01b0 \u0111ang r\u1ea5t \u0111\u01b0\u1ee3c ch\u00fa tr\u1ecdng, \u0111\u01a1n gi\u1ea3n c\u00f3 th\u1ec3 hi\u1ec7u m\u1ed9t h\u00e0m r\u0103ng ch\u1eafc kh\u1ecfe lu\u00f4n l\u00e0 \u0111i\u1ec3m c\u1ed9ng khi giao ti\u1ebfp v\u1edbi m\u1ecdi ng\u01b0\u1eddi. \ud83d\udc49 \ud835\udc0c\ud835\udc28\u0323\u0302\ud835\udc2d \ud835\udc1b\ud835\udc28\u0323\u0302 \ud835\udc2c\ud835\udc1a\u0309\ud835\udc27 \ud835\udc29\ud835\udc21\ud835\udc1a\u0302\u0309\ud835\udc26 \ud835\udc1b\ud835\udc1a\ud835\udc28 \ud835\udc20\ud835\udc28\u0302\u0300\ud835\udc26: + [&hellip;]<\/p>\n","protected":false},"featured_media":17583,"comment_status":"open","ping_status":"closed","template":"","meta":[],"product_cat":[98,33,63,112,83],"product_tag":[43,82],"class_list":{"0":"post-189","1":"product","2":"type-product","3":"status-publish","4":"has-post-thumbnail","6":"product_cat-blood-pressure","7":"product_cat-diagnosis","8":"product_cat-monitoring","9":"product_cat-pressure","10":"product_cat-tools","11":"product_tag-health","12":"product_tag-thermometer","13":"ts_product_brand-heartrate","15":"first","16":"instock","17":"featured","18":"shipping-taxable","19":"purchasable","20":"product-type-simple"},"_links":{"self":[{"href":"https:\/\/pocketdentistry.com\/vi\/index.php?rest_route=\/wp\/v2\/product\/189","targetHints":{"allow":["GET"]}}],"collection":[{"href":"https:\/\/pocketdentistry.com\/vi\/index.php?rest_route=\/wp\/v2\/product"}],"about":[{"href":"https:\/\/pocketdentistry.com\/vi\/index.php?rest_route=\/wp\/v2\/types\/product"}],"replies":[{"embeddable":true,"href":"https:\/\/pocketdentistry.com\/vi\/index.php?rest_route=%2Fwp%2Fv2%2Fcomments&post=189"}],"wp:featuredmedia":[{"embeddable":true,"href":"https:\/\/pocketdentistry.com\/vi\/index.php?rest_route=\/wp\/v2\/media\/17583"}],"wp:attachment":[{"href":"https:\/\/pocketdentistry.com\/vi\/index.php?rest_route=%2Fwp%2Fv2%2Fmedia&parent=189"}],"wp:term":[{"taxonomy":"product_cat","embeddable":true,"href":"https:\/\/pocketdentistry.com\/vi\/index.php?rest_route=%2Fwp%2Fv2%2Fproduct_cat&post=189"},{"taxonomy":"product_tag","embeddable":true,"href":"https:\/\/pocketdentistry.com\/vi\/index.php?rest_route=%2Fwp%2Fv2%2Fproduct_tag&post=189"}],"curies":[{"name":"wp","href":"https:\/\/api.w.org\/{rel}","templated":true}]}}