{"id":184,"date":"2019-03-25T17:08:47","date_gmt":"2019-03-25T10:08:47","guid":{"rendered":"https:\/\/pocketdentistry.com\/vi\/?post_type=product&#038;p=184"},"modified":"2022-12-28T00:13:36","modified_gmt":"2022-12-27T17:13:36","slug":"modern-bedroom-storage","status":"publish","type":"product","link":"https:\/\/pocketdentistry.com\/vi\/?product=modern-bedroom-storage","title":{"rendered":"Ch\u1ec9 nha khoa Curaprox DF 834 c\u00f3 s\u00e1p 50m m\u00f9i b\u1ea1c h\u00e0"},"content":{"rendered":"<p>Ch\u1ec9 nha khoa Curaprox DF 834 c\u00f3 s\u00e1p 50m. S\u1ee3i ch\u1ec9 tr\u00f2n, dai, kh\u00f4ng b\u1ecb t\u01b0a s\u1ee3i khi d\u00f9ng, ch\u1ec9 c\u00f3 m\u00f9i b\u1ea1c h\u00e0 d\u1ecbu nh\u1eb9 v\u00e0 \u0111\u01b0\u1ee3c ph\u1ee7 l\u1edbp s\u00e1p m\u1ecfng gi\u00fap tr\u00e1nh tr\u01a1n tr\u01b0\u1ee3t khi \u0111\u01b0a ch\u1ec9 v\u00e0o k\u1ebd r\u0103ng kh\u00f4ng \u0111\u00fang c\u00e1ch g\u00e2y x\u01b0\u1edbc hay t\u1ed5n th\u01b0\u01a1ng n\u01b0\u1edbu. V\u00ec v\u1eady c\u00f3 th\u1ec3 l\u1ea7n \u0111\u1ea7u s\u1eed d\u1ee5ng b\u1ea1n s\u1ebd th\u1ea5y kh\u00f4ng quen v\u00ec ch\u1ec9 h\u01a1i nh\u00e1m, nh\u01b0ng \u0111i\u1ec1u n\u00e0y l\u1ea1i gi\u00fap tr\u00e1nh t\u1ed5n th\u01b0\u01a1ng n\u01b0\u1edbu r\u0103ng c\u0169ng nh\u01b0 t\u0103ng hi\u1ec7u qu\u1ea3 l\u00e0m s\u1ea1ch m\u1ea3ng b\u00e1m.<\/p>\n<p>&nbsp;<\/p>\n<p>&nbsp;<\/p>\n<p>Ch\u1ec9 nha khoa Curaprox DF 834 \u0111\u01b0\u1ee3c ph\u1ee7 s\u00e1p, d\u1ec5 d\u00e0ng s\u1eed d\u1ee5ng.<\/p>\n<p>H\u1ed9p ch\u1ec9 nha khoa nh\u1ecf g\u1ecdn, ti\u1ec7n l\u1ee3i khi mang theo trong t\u00fai.<\/p>\n<p>V\u1ecb b\u1ea1c h\u00e0 d\u1ecbu nh\u1eb9 cho c\u1ea3m gi\u00e1c th\u01a1m m\u00e1t.<\/p>\n<p>S\u1ee3i ch\u1ec9 d\u00e0i 50m, t\u01b0\u01a1ng \u0111\u01b0\u01a1ng v\u1edbi kho\u1ea3ng 100 l\u1ea7n s\u1eed d\u1ee5ng.<\/p>\n<p>H\u01b0\u1edbng d\u1eabn s\u1eed d\u1ee5ng: b\u1ea1n c\u00f3 th\u1ec3 tham kh\u1ea3o chi ti\u1ebft \u1edf video s\u1ea3n ph\u1ea9m<\/p>\n<p>B\u01b0\u1edbc 1: C\u1eaft 1 \u0111o\u1ea1n ch\u1ec9 d\u00e0i kho\u1ea3ng 45 cm, cu\u1ed9n v\u00f2ng quanh hai ng\u00f3n tay gi\u1eefa, \u0111\u1ec3 l\u1ea1i m\u1ed9t kho\u1ea3ng \u1edf gi\u1eefa t\u1ea7m 4 cm.<\/p>\n<p>B\u01b0\u1edbc 2: \u0110\u1eb7t s\u1ee3i ch\u1ec9 v\u00e0o trong k\u1ebd r\u0103ng h\u00e0m, d\u00f9ng ng\u00f3n tay tr\u1ecf v\u00e0 ng\u00f3n c\u00e1i gi\u1eef c\u1ed1 \u0111\u1ecbnh, di chuy\u1ec3n nh\u1eb9 nh\u00e0ng l\u00ean xu\u1ed1ng \u0111\u1ec3 l\u00e0m s\u1ea1ch h\u1ebft v\u1ee5n th\u1ee9c \u0103n c\u00f2n s\u00f3t l\u1ea1i.<\/p>\n<p>B\u01b0\u1edbc 3: U\u1ed1n ch\u1ec9 nha khoa v\u00f2ng theo ch\u00e2n r\u0103ng v\u00e0 \u0111\u01b0\u1eddng vi\u1ec1n n\u01b0\u1edbu, tuy\u1ec7t \u0111\u1ed1i kh\u00f4ng \u0111\u01b0\u1ee3c \u0111\u00e8 qu\u00e1 m\u1ea1nh, s\u1ef1 c\u1ecd x\u00e1t s\u1ebd g\u00e2y t\u1ed5n th\u01b0\u01a1ng th\u1eadm ch\u00ed l\u00e0 r\u00e1ch n\u01b0\u1edbu.<\/p>\n<p>B\u01b0\u1edbc 4: Di chuy\u1ec3n l\u1ea7n l\u01b0\u1ee3t t\u1eeb k\u1ebd r\u0103ng n\u00e0y \u0111\u1ebfn k\u1ebd r\u0103ng kh\u00e1c, \u0111\u1ea3m b\u1ea3o t\u1ea5t c\u1ea3 m\u1ea3ng b\u00e1m v\u00e0 th\u1ee9c \u0103n \u0111\u1ec1u \u0111\u01b0\u1ee3c l\u00e0m s\u1ea1ch, ngay c\u1ea3 \u1edf nh\u1eefng v\u1ecb tr\u00ed kh\u00f3 kh\u0103n nh\u1ea5t.<\/p>\n<p>B\u01b0\u1edbc 5: N\u00e2ng nh\u1eb9 s\u1ee3i ch\u1ec9 ra kh\u1ecfi k\u1ebd r\u0103ng, k\u1ebft th\u00fac qu\u00e1 tr\u00ecnh v\u1ec7 sinh r\u0103ng mi\u1ec7ng.<\/p>\n<p>NH\u00c0 S\u1ea2N XU\u1ea4T: Curaden International A.G &#8211; Th\u1ee5y S\u0129<\/p>\n<p>XU\u1ea4T X\u1ee8: \u00dd<\/p>\n<p>QUY C\u00c1CH: H\u1ed9p 50m ch\u1ec9 nha khoa<\/p>\n","protected":false},"excerpt":{"rendered":"<p>Ch\u1ec9 nha khoa Curaprox DF 834 c\u00f3 s\u00e1p 50m. S\u1ee3i ch\u1ec9 tr\u00f2n, dai, kh\u00f4ng b\u1ecb t\u01b0a s\u1ee3i khi d\u00f9ng, ch\u1ec9 c\u00f3 m\u00f9i b\u1ea1c h\u00e0 d\u1ecbu nh\u1eb9 v\u00e0 \u0111\u01b0\u1ee3c ph\u1ee7 l\u1edbp s\u00e1p m\u1ecfng gi\u00fap tr\u00e1nh tr\u01a1n tr\u01b0\u1ee3t khi \u0111\u01b0a ch\u1ec9 v\u00e0o k\u1ebd r\u0103ng kh\u00f4ng \u0111\u00fang c\u00e1ch g\u00e2y x\u01b0\u1edbc hay t\u1ed5n th\u01b0\u01a1ng n\u01b0\u1edbu. V\u00ec v\u1eady c\u00f3 th\u1ec3 [&hellip;]<\/p>\n","protected":false},"featured_media":17593,"comment_status":"open","ping_status":"closed","template":"","meta":[],"product_cat":[96,33,35,37,63],"product_tag":[80,86,88,89],"class_list":{"0":"post-184","1":"product","2":"type-product","3":"status-publish","4":"has-post-thumbnail","6":"product_cat-biopsy-tools","7":"product_cat-diagnosis","8":"product_cat-endoscopes","9":"product_cat-equipment","10":"product_cat-monitoring","11":"product_tag-theme-sky","12":"product_tag-upstore","13":"product_tag-woocommerce","14":"product_tag-wordpress","15":"ts_product_brand-pharmy","17":"first","18":"instock","19":"featured","20":"shipping-taxable","21":"purchasable","22":"product-type-simple"},"_links":{"self":[{"href":"https:\/\/pocketdentistry.com\/vi\/index.php?rest_route=\/wp\/v2\/product\/184","targetHints":{"allow":["GET"]}}],"collection":[{"href":"https:\/\/pocketdentistry.com\/vi\/index.php?rest_route=\/wp\/v2\/product"}],"about":[{"href":"https:\/\/pocketdentistry.com\/vi\/index.php?rest_route=\/wp\/v2\/types\/product"}],"replies":[{"embeddable":true,"href":"https:\/\/pocketdentistry.com\/vi\/index.php?rest_route=%2Fwp%2Fv2%2Fcomments&post=184"}],"wp:featuredmedia":[{"embeddable":true,"href":"https:\/\/pocketdentistry.com\/vi\/index.php?rest_route=\/wp\/v2\/media\/17593"}],"wp:attachment":[{"href":"https:\/\/pocketdentistry.com\/vi\/index.php?rest_route=%2Fwp%2Fv2%2Fmedia&parent=184"}],"wp:term":[{"taxonomy":"product_cat","embeddable":true,"href":"https:\/\/pocketdentistry.com\/vi\/index.php?rest_route=%2Fwp%2Fv2%2Fproduct_cat&post=184"},{"taxonomy":"product_tag","embeddable":true,"href":"https:\/\/pocketdentistry.com\/vi\/index.php?rest_route=%2Fwp%2Fv2%2Fproduct_tag&post=184"}],"curies":[{"name":"wp","href":"https:\/\/api.w.org\/{rel}","templated":true}]}}