{"id":180,"date":"2019-04-06T21:55:59","date_gmt":"2019-04-06T14:55:59","guid":{"rendered":"https:\/\/pocketdentistry.com\/vi\/?post_type=product&#038;p=180"},"modified":"2022-12-27T23:47:52","modified_gmt":"2022-12-27T16:47:52","slug":"lens-frame-professional-adjustable-multifunctionalslim-dining-chair","status":"publish","type":"product","link":"https:\/\/pocketdentistry.com\/vi\/?product=lens-frame-professional-adjustable-multifunctionalslim-dining-chair","title":{"rendered":"LA DENS B\u00e0n ch\u1ea3i v\u1ec7 sinh l\u01b0\u1ee1i Better"},"content":{"rendered":"<p><img decoding=\"async\" class=\"_4LnSp7 wdZ+2f\" src=\"https:\/\/cf.shopee.vn\/file\/b20143db04939a8060edf1805c415208\" width=\"invalid-value\" height=\"invalid-value\" \/><\/p>\n<div class=\"N5VAH-\">\n<div>\n<div class=\"JCfBJx\"><img decoding=\"async\" class=\"_4LnSp7 wdZ+2f\" src=\"https:\/\/cf.shopee.vn\/file\/87792e2e6e01685624c1eb8c81a734dc\" width=\"invalid-value\" height=\"invalid-value\" \/><\/div>\n<\/div>\n<\/div>\n<div class=\"N5VAH-\">\n<div>\n<div class=\"JCfBJx\"><img decoding=\"async\" class=\"_4LnSp7 wdZ+2f\" src=\"https:\/\/cf.shopee.vn\/file\/342d3ac1db6aa093c3e9bd62d52c715f\" width=\"invalid-value\" height=\"invalid-value\" \/><\/div>\n<\/div>\n<\/div>\n<div class=\"N5VAH-\">\n<div>\n<div class=\"JCfBJx\"><img decoding=\"async\" class=\"_4LnSp7 wdZ+2f\" src=\"https:\/\/cf.shopee.vn\/file\/02684358ed366aeb9033f4fc7f68c5f4\" width=\"invalid-value\" height=\"invalid-value\" \/><\/div>\n<\/div>\n<\/div>\n<div class=\"N5VAH-\">\n<div>\n<div class=\"JCfBJx\"><img decoding=\"async\" class=\"_4LnSp7 wdZ+2f\" src=\"https:\/\/cf.shopee.vn\/file\/c993a61fa33342281e7a8d85797d3bfb\" width=\"invalid-value\" height=\"invalid-value\" \/><\/div>\n<\/div>\n<\/div>\n<div class=\"N5VAH-\">\n<div>\n<div class=\"JCfBJx\"><img decoding=\"async\" class=\"_4LnSp7 wdZ+2f\" src=\"https:\/\/cf.shopee.vn\/file\/a99c1ee1ca4a16f430bca6feec7d9f77\" width=\"invalid-value\" height=\"invalid-value\" \/><\/div>\n<\/div>\n<\/div>\n<div class=\"N5VAH-\">\n<div>\n<div class=\"JCfBJx\"><img decoding=\"async\" class=\"_4LnSp7 wdZ+2f\" src=\"https:\/\/cf.shopee.vn\/file\/80661d3649dcdbca87c260346b2cd270\" width=\"invalid-value\" height=\"invalid-value\" \/><\/div>\n<\/div>\n<\/div>\n<div class=\"N5VAH-\">\n<div>\n<div class=\"JCfBJx\"><img decoding=\"async\" class=\"_4LnSp7 wdZ+2f\" src=\"https:\/\/cf.shopee.vn\/file\/11d3e057e50cdda030d41fa5af3c67b3\" width=\"invalid-value\" height=\"invalid-value\" \/><\/div>\n<\/div>\n<\/div>\n<div class=\"N5VAH-\">\n<div>\n<div class=\"JCfBJx\"><img decoding=\"async\" class=\"_4LnSp7 wdZ+2f\" src=\"https:\/\/cf.shopee.vn\/file\/e1e9633de3b56abedb3dd1736f1c7dac\" width=\"invalid-value\" height=\"invalid-value\" \/><\/div>\n<\/div>\n<\/div>\n<div class=\"N5VAH-\">\n<div>\n<div class=\"JCfBJx\"><img decoding=\"async\" class=\"_4LnSp7 wdZ+2f\" src=\"https:\/\/cf.shopee.vn\/file\/2cd65b60a2321ebeaf918a5eb19ea3c0\" width=\"invalid-value\" height=\"invalid-value\" \/><\/div>\n<\/div>\n<\/div>\n<div class=\"N5VAH-\">\n<div>\n<div class=\"JCfBJx\"><img decoding=\"async\" class=\"_4LnSp7 wdZ+2f\" src=\"https:\/\/cf.shopee.vn\/file\/dbab4f1f96d79349b5617a2efcc4445b\" width=\"invalid-value\" height=\"invalid-value\" \/><\/div>\n<\/div>\n<\/div>\n<div class=\"N5VAH-\">\n<div>\n<div class=\"JCfBJx\"><img decoding=\"async\" class=\"_4LnSp7 wdZ+2f\" src=\"https:\/\/cf.shopee.vn\/file\/1990366062fcb30faadeb258ebc9795a\" width=\"invalid-value\" height=\"invalid-value\" \/><\/div>\n<\/div>\n<\/div>\n<p>M\u00d4 T\u1ea2 S\u1ea2N PH\u1ea8M<\/p>\n<p>\u2022 \u0110\u1ea3m b\u1ea3o h\u00e0ng c\u00f3 s\u1eb5n.<\/p>\n<p>\u2022 \u0110\u1ea3m b\u1ea3o s\u1ea3n ph\u1ea9m an to\u00e0n 100%.<\/p>\n<p>\u2022 \u0110\u1ea3m b\u1ea3o gi\u00e1 r\u1ebb nh\u1ea5t th\u1ecb tr\u01b0\u1eddng.<\/p>\n<p>\u2022 Ship COD to\u00e0n qu\u1ed1c .<\/p>\n<p>&nbsp;<\/p>\n<p>B\u00e0n Ch\u1ea3i V\u1ec7 Sinh L\u01b0\u1ee1i La Dens Better<\/p>\n<p>&#8212;&#8212;&#8212;&#8212;&#8212;<\/p>\n<p>\u2600\ufe0f Th\u01b0\u01a1ng hi\u1ec7u: La Dens<\/p>\n<p>\u2600\ufe0f Xu\u1ea5t x\u1ee9: H\u00e0n Qu\u1ed1c<\/p>\n<p>&nbsp;<\/p>\n<p>1.\u0110\u1ea7u ch\u1ea3i ch\u1ea5t li\u1ec7u silicon TPU<\/p>\n<p>&#8211; Ch\u1ea5t li\u1ec7u TPU \u0111\u01b0\u1ee3c s\u1eed d\u1ee5ng trong v\u1eadt d\u1ee5ng y t\u1ebf<\/p>\n<p>nh\u01b0 b\u00ecnh s\u1eefa em b\u00e9 an to\u00e0n, h\u1ee3p v\u1ec7 sinh.<\/p>\n<p>&nbsp;<\/p>\n<p>2. Tay c\u1ea7m ch\u1ea5t li\u1ec7u PP c\u00f3 th\u1ec3 t\u00e1i s\u1eed d\u1ee5ng<\/p>\n<p>&#8211; Tay c\u1ea7m ch\u1ea5t li\u1ec7u PP c\u00f3 th\u1ec3 t\u00e1i s\u1eed d\u1ee5ng<\/p>\n<p>Tay c\u1ea7m \u0111\u01b0\u1ee3c s\u1ea3n xu\u1ea5t b\u1eb1ng ch\u1ea5t li\u1ec7u PP \u0111\u01b0\u1ee3c y\u00eau th\u00edch<\/p>\n<p>v\u1edbi t\u00ednh n\u0103ng t\u00e1i s\u1eed d\u1ee5ng c\u00f3 th\u1ec3 s\u1eed d\u1ee5ng l\u00e2u d\u00e0i.<\/p>\n<p>&nbsp;<\/p>\n<p>3. BPA &#8211; FREE<\/p>\n<p>&#8211; \u0110\u1ea7u b\u00e0n ch\u1ea3i LA DENS l\u00e0m b\u1eb1ng ch\u1ea5t li\u1ec7u TPU<\/p>\n<p>c\u00f3 th\u1ec3 kh\u1eed tr\u00f9ng b\u1eb1ng n\u01b0\u1edbc n\u00f3ng \u0111\u1ec3 s\u1eed d\u1ee5ng m\u1ed9t c\u00e1ch s\u1ea1ch s\u1ebd h\u01a1n.<\/p>\n<p>&nbsp;<\/p>\n<p>4. Chu k\u00ec thay \u0111\u1ea7u ch\u1ea3i d\u00e0i<\/p>\n<p>&#8211; S\u1ee3i l\u00f4ng Nylon th\u00f4ng th\u01b0\u1eddng kh\u00f4ng th\u1ec3 s\u1eed d\u1ee5ng l\u00e2u d\u00e0i<\/p>\n<p>do ho\u1eb7c t\u00ednh d\u1ec5 u\u1ed1n cong v\u00e0 v\u1ea5n \u0111\u1ec1 v\u1ec7 sinh khi s\u1eed d\u1ee5ng,<\/p>\n<p>nh\u01b0ng b\u00e0n ch\u1ea3i \u0111\u00e1nh r\u0103ng Better c\u00f3 th\u1ec3 d\u1ee5ng b\u00e1n v\u0129nh vi\u1ec5n<\/p>\n<p>trong h\u01a1n 6 th\u00e1ng v\u00ec c\u00f3 th\u1ec3 kh\u1eed tr\u00f9ng \u0111\u01b0\u1ee3c trong n\u01b0\u1edbc n\u00f3ng.<\/p>\n<p>&nbsp;<\/p>\n<p>\ud83d\udccdPh\u00f9 h\u1ee3p v\u1edbi c\u00e1c \u0111\u1ed1i t\u01b0\u1ee3ng d\u01b0\u1edbi \u0111\u1ea5y !<\/p>\n<p>1. Ng\u01b0\u1eddi hay b\u1ecb ch\u1ea3y m\u00e1u n\u01b0\u1edbu m\u1ed7i khi \u0111\u00e1nh r\u0103ng.<\/p>\n<p>2. Ng\u01b0\u1eddi s\u1eed d\u1ee5ng b\u00e0n ch\u1ea3i th\u00f4ng th\u01b0\u1eddng th\u1ea5y kh\u00f4ng tho\u1ea3i m\u00e1i v\u00e0 b\u1ecb \u0111au.<\/p>\n<p>3. Ng\u01b0\u1eddi kh\u00f3 ch\u1ecbu v\u1ec1 v\u1ea5n \u0111\u1ec1 v\u1ec7 sinh v\u00ec kh\u00f4ng th\u1ec3 thay b\u00e0n ch\u1ea3i th\u01b0\u1eddng xuy\u00ean.<\/p>\n<p>4. Ng\u01b0\u1eddi kh\u00f4ng th\u00edch lo\u1ea1i b\u00e0n ch\u1ea3i c\u00f3 h\u00ecnh d\u00e1ng x\u1ea5u<\/p>\n","protected":false},"excerpt":{"rendered":"<p>M\u00d4 T\u1ea2 S\u1ea2N PH\u1ea8M \u2022 \u0110\u1ea3m b\u1ea3o h\u00e0ng c\u00f3 s\u1eb5n. \u2022 \u0110\u1ea3m b\u1ea3o s\u1ea3n ph\u1ea9m an to\u00e0n 100%. \u2022 \u0110\u1ea3m b\u1ea3o gi\u00e1 r\u1ebb nh\u1ea5t th\u1ecb tr\u01b0\u1eddng. \u2022 Ship COD to\u00e0n qu\u1ed1c . &nbsp; B\u00e0n Ch\u1ea3i V\u1ec7 Sinh L\u01b0\u1ee1i La Dens Better &#8212;&#8212;&#8212;&#8212;&#8212; \u2600\ufe0f Th\u01b0\u01a1ng hi\u1ec7u: La Dens \u2600\ufe0f Xu\u1ea5t x\u1ee9: H\u00e0n Qu\u1ed1c &nbsp; 1.\u0110\u1ea7u ch\u1ea3i [&hellip;]<\/p>\n","protected":false},"featured_media":17570,"comment_status":"open","ping_status":"closed","template":"","meta":[],"product_cat":[101,102,58],"product_tag":[34,74,80,88,89],"class_list":{"0":"post-180","1":"product","2":"type-product","3":"status-publish","4":"has-post-thumbnail","6":"product_cat-devices","7":"product_cat-diagnostic-tests","8":"product_cat-machines","9":"product_tag-drile","10":"product_tag-skygroup","11":"product_tag-theme-sky","12":"product_tag-woocommerce","13":"product_tag-wordpress","14":"ts_product_brand-heartshield","16":"first","17":"instock","18":"featured","19":"shipping-taxable","20":"purchasable","21":"product-type-simple"},"_links":{"self":[{"href":"https:\/\/pocketdentistry.com\/vi\/index.php?rest_route=\/wp\/v2\/product\/180","targetHints":{"allow":["GET"]}}],"collection":[{"href":"https:\/\/pocketdentistry.com\/vi\/index.php?rest_route=\/wp\/v2\/product"}],"about":[{"href":"https:\/\/pocketdentistry.com\/vi\/index.php?rest_route=\/wp\/v2\/types\/product"}],"replies":[{"embeddable":true,"href":"https:\/\/pocketdentistry.com\/vi\/index.php?rest_route=%2Fwp%2Fv2%2Fcomments&post=180"}],"wp:featuredmedia":[{"embeddable":true,"href":"https:\/\/pocketdentistry.com\/vi\/index.php?rest_route=\/wp\/v2\/media\/17570"}],"wp:attachment":[{"href":"https:\/\/pocketdentistry.com\/vi\/index.php?rest_route=%2Fwp%2Fv2%2Fmedia&parent=180"}],"wp:term":[{"taxonomy":"product_cat","embeddable":true,"href":"https:\/\/pocketdentistry.com\/vi\/index.php?rest_route=%2Fwp%2Fv2%2Fproduct_cat&post=180"},{"taxonomy":"product_tag","embeddable":true,"href":"https:\/\/pocketdentistry.com\/vi\/index.php?rest_route=%2Fwp%2Fv2%2Fproduct_tag&post=180"}],"curies":[{"name":"wp","href":"https:\/\/api.w.org\/{rel}","templated":true}]}}