{"id":17108,"date":"2020-09-03T10:22:03","date_gmt":"2020-09-03T03:22:03","guid":{"rendered":"https:\/\/pocketdentistry.com\/vi\/?post_type=product&#038;p=17108"},"modified":"2022-12-27T22:49:57","modified_gmt":"2022-12-27T15:49:57","slug":"somersung-sonic-x2000-pro-black","status":"publish","type":"product","link":"https:\/\/pocketdentistry.com\/vi\/?product=somersung-sonic-x2000-pro-black","title":{"rendered":"B\u00e0n ch\u1ea3i \u0111i\u1ec7n Somersung Sonic X2000"},"content":{"rendered":"<p>Th\u1eddi gian giao h\u00e0ng d\u1ef1 ki\u1ebfn cho s\u1ea3n ph\u1ea9m n\u00e0y l\u00e0 t\u1eeb 7-9 ng\u00e0y<\/p>\n<p>\ud83d\udc9dTrung t\u00e2m th\u01b0\u01a1ng m\u1ea1i Familio. L\u00e0m cho cu\u1ed9c s\u1ed1ng t\u1ed1t \u0111\u1eb9p h\u01a1n.<br \/>\n\ud83d\udc9dCh\u00fang t\u00f4i c\u00f3 m\u1ed9t \u0111\u1ed9i ng\u0169 chuy\u00ean nghi\u1ec7p v\u00e0 d\u1ecbch v\u1ee5 ch\u1ea5t l\u01b0\u1ee3ng.<br \/>\n\ud83d\udc9dG\u1eedi h\u00e0ng nhanh ch\u00f3ng<br \/>\n\ud83d\udc9dN\u1ebfu b\u1ea1n th\u00edch s\u1ea3n ph\u1ea9m c\u1ee7a ch\u00fang t\u00f4i, h\u00e3y nh\u1ea5p v\u00e0o &#8220;Th\u00edch&#8221;.<br \/>\n\ud83d\udc9dN\u1ebfu b\u1ea1n g\u1eb7p s\u1ef1 c\u1ed1, vui l\u00f2ng li\u00ean h\u1ec7 v\u1edbi ch\u00fang t\u00f4i, xin c\u1ea3m \u01a1n.<\/p>\n<p>\u3010\u0110\u0103\u0323c tr\u01b0ng s\u1ea3n ph\u1ea9m\u3011<br \/>\n1. Rung \u0111\u1ed9ng t\u1ea7n s\u1ed1 cao c\u00f3 th\u1ec3 \u0111\u1ea1t 45.000 rung \u0111\u1ed9ng m\u1ed7i ph\u00fat, l\u00e0m s\u1ea1ch m\u1ea1nh m\u1ebd<br \/>\n2. S\u00e1u ch\u1ebf \u0111\u1ed9 l\u00e0m s\u1ea1ch. S\u1eed d\u1ee5ng c\u00e1c ch\u1ebf \u0111\u1ed9 kh\u00e1c nhau v\u00e0o bu\u1ed5i s\u00e1ng v\u00e0 bu\u1ed5i t\u1ed1i \u0111\u1ec3 c\u1ea3i thi\u1ec7n s\u1ee9c kh\u1ecfe r\u0103ng mi\u1ec7ng v\u00e0 ch\u0103m s\u00f3c r\u0103ng mi\u1ec7ng nh\u1eb9 nh\u00e0ng.<br \/>\n3. To\u00e0n b\u1ed9 m\u00e1y ch\u1ed1ng n\u01b0\u1edbc: Ch\u1ed1ng th\u1ea5m n\u01b0\u1edbc IPX7, c\u00f3 th\u1ec3 r\u1eeda s\u1ea1ch to\u00e0n b\u1ed9 m\u00e1y<br \/>\n4. Ch\u1ee9c n\u0103ng h\u1eb9n gi\u1edd: hai ph\u00fat l\u00e0m s\u1ea1ch r\u0103ng th\u01b0\u1eddng xuy\u00ean, nh\u1eafc nh\u1edf \u0111\u1ed5i v\u00f9ng sau m\u1ed7i 30 gi\u00e2y \u0111\u1ec3 tr\u00e1nh l\u00e0m s\u1ea1ch qu\u00e1 nhi\u1ec1u ho\u1eb7c kh\u00f4ng \u0111\u1ee7<br \/>\n5. B\u1ed1n \u0111\u1ea7u b\u00e0n ch\u1ea3i g\u1ed1c c\u00f3 trong g\u00f3i h\u00e0ng<\/p>\n<p>\u3010S\u00e1u ch\u1ebf \u0111\u1ed9 l\u00e0m s\u1ea1ch\u3011<br \/>\n1. Ch\u1ebf \u0111\u1ed9 nh\u1ea1y c\u1ea3m<br \/>\nL\u00e0m s\u1ea1ch hi\u1ec7u qu\u1ea3 c\u00e1c m\u1ea3ng b\u00e1m r\u0103ng h\u00ecnh th\u00e0nh v\u00e0o ban \u0111\u00eam.<\/p>\n<p>2. Ch\u1ebf \u0111\u1ed9 nh\u1eb9 nh\u00e0ng<br \/>\nNh\u1eb9 nh\u00e0ng l\u00e0m s\u1ea1ch r\u0103ng v\u00e0 n\u01b0\u1edbu.<\/p>\n<p>3. Ch\u1ebf \u0111\u1ed9 l\u00e0m s\u1ea1ch<br \/>\n\u0110\u00e1p \u1ee9ng nhu c\u1ea7u l\u00e0m s\u1ea1ch r\u0103ng mi\u1ec7ng h\u00e0ng ng\u00e0y.<\/p>\n<p>4. Ch\u1ebf \u0111\u1ed9 massage<br \/>\nNh\u1eb9 nh\u00e0ng massage n\u01b0\u1edbu.<\/p>\n<p>5. Ch\u1ebf \u0111\u1ed9 ch\u0103m s\u00f3c n\u01b0\u1edbu<br \/>\nL\u00e0m s\u1ea1ch nh\u1eb9 nh\u00e0ng cho r\u0103ng v\u00e0 n\u01b0\u1edbu nh\u1ea1y c\u1ea3m.<\/p>\n<p>6. Ch\u1ebf \u0111\u1ed9 tr\u1eafng s\u00e1ng<br \/>\nLo\u1ea1i b\u1ecf v\u1ebft \u1ed1 tr\u00ean r\u0103ng v\u00e0 l\u00e0m tr\u1eafng r\u0103ng<\/p>\n<p>\u3010H\u01b0\u1edbng d\u1eabn s\u1eed d\u1ee5ng\u3011<br \/>\n1. \u0110\u01b0a \u0111\u1ea7u b\u00e0n ch\u1ea3i v\u00e0o tr\u1ee5c rung, \u0111\u1ec3 l\u1ea1i m\u1ed9t khe h\u1edf nh\u1ea5t \u0111\u1ecbnh, khe h\u1edf n\u00e0y l\u00e0 b\u1eaft bu\u1ed9c \u0111\u1ec3 c\u00f3 th\u1ec3 rung b\u00ecnh th\u01b0\u1eddng.<br \/>\n2. B\u00f3p m\u1ed9t l\u01b0\u1ee3ng kem \u0111\u00e1nh r\u0103ng th\u00edch h\u1ee3p l\u00ean \u0111\u1ea7u b\u00e0n ch\u1ea3i v\u00e0 l\u00e0m \u1ea9m.<br \/>\n3. \u0110\u01b0a b\u00e0n ch\u1ea3i v\u00e0o mi\u1ec7ng v\u00e0 ch\u1ecdn ch\u1ebf \u0111\u1ed9 th\u00edch h\u1ee3p.<br \/>\n4. V\u1edbi l\u00f4ng b\u00e0n ch\u1ea3i v\u00e0 \u0111\u01b0\u1eddng vi\u1ec1n n\u01b0\u1edbu \u1edf m\u1ed9t g\u00f3c 45 \u00b0, di chuy\u1ec3n b\u00e0n ch\u1ea3i \u0111\u00e1nh r\u0103ng t\u1eeb t\u1eeb.<br \/>\n5. Ng\u1eebng rung 30 gi\u00e2y m\u1ed9t l\u1ea7n \u0111\u1ec3 nh\u1eafc nh\u1edf b\u1ea1n thay \u0111\u1ed5i v\u00f9ng r\u0103ng.<br \/>\n6. Sau khi \u0111\u00e1nh r\u0103ng, s\u00fac mi\u1ec7ng b\u1eb1ng n\u01b0\u1edbc s\u1ea1ch v\u00e0 l\u00e0m s\u1ea1ch \u0111\u1ea7u b\u00e0n ch\u1ea3i.<\/p>\n<p>\u3010Th\u00f4ng tin s\u1ea3n ph\u1ea9m\u3011<br \/>\nT\u00ean s\u1ea3n ph\u1ea9m: B\u00e0n ch\u1ea3i \u0111\u00e1nh r\u0103ng \u0111i\u1ec7n<br \/>\nM\u00f4 h\u00ecnh: X2<br \/>\nKi\u1ec3u ho\u1ea1t \u0111\u1ed9ng: S\u00f3ng \u00e2m<br \/>\nLo\u1ea1i s\u1ea3n ph\u1ea9m: B\u00e0n ch\u1ea3i \u0111\u00e1nh r\u0103ng s\u1ea1c \u0111i\u1ec7n<br \/>\nM\u00e0u s\u0103\u0301c s\u1ea3n ph\u1ea9m: tr\u1eafng, \u0111en, h\u1ed3ng,<br \/>\nCh\u00e2\u0301t li\u00ea\u0323u th\u00e2n b\u00e0n ch\u1ea3i: ABS<br \/>\nCh\u1ebf \u0111\u1ed9 cung c\u1ea5p \u0111i\u1ec7n: S\u1ea1c USB 5V-1A<\/p>\n<p>\u3010G\u00f3i ha\u0300ng bao g\u1ed3m\u3011<br \/>\n1 * B\u00e0n ch\u1ea3i \u0111\u00e1nh r\u0103ng \u0111i\u1ec7n<br \/>\n4 * \u0110\u1ea7u b\u00e0n ch\u1ea3i<br \/>\n1 * C\u00e1p s\u1ea1c<\/p>\n<h2><\/h2>\n","protected":false},"excerpt":{"rendered":"<p>1 * B\u00e0n ch\u1ea3i \u0111\u00e1nh r\u0103ng \u0111i\u1ec7n<br \/>\n4 * \u0110\u1ea7u b\u00e0n ch\u1ea3i<br \/>\n1 * C\u00e1p s\u1ea1c<\/p>\n","protected":false},"featured_media":17542,"comment_status":"open","ping_status":"closed","template":"","meta":[],"product_cat":[95,100,113,81,83],"product_tag":[80,86,88,89],"class_list":{"0":"post-17108","1":"product","2":"type-product","3":"status-publish","4":"has-post-thumbnail","6":"product_cat-bandages","7":"product_cat-dental","8":"product_cat-stomatology","9":"product_cat-thermometer","10":"product_cat-tools","11":"product_tag-theme-sky","12":"product_tag-upstore","13":"product_tag-woocommerce","14":"product_tag-wordpress","16":"first","17":"instock","18":"featured","19":"shipping-taxable","20":"purchasable","21":"product-type-simple"},"_links":{"self":[{"href":"https:\/\/pocketdentistry.com\/vi\/index.php?rest_route=\/wp\/v2\/product\/17108","targetHints":{"allow":["GET"]}}],"collection":[{"href":"https:\/\/pocketdentistry.com\/vi\/index.php?rest_route=\/wp\/v2\/product"}],"about":[{"href":"https:\/\/pocketdentistry.com\/vi\/index.php?rest_route=\/wp\/v2\/types\/product"}],"replies":[{"embeddable":true,"href":"https:\/\/pocketdentistry.com\/vi\/index.php?rest_route=%2Fwp%2Fv2%2Fcomments&post=17108"}],"wp:featuredmedia":[{"embeddable":true,"href":"https:\/\/pocketdentistry.com\/vi\/index.php?rest_route=\/wp\/v2\/media\/17542"}],"wp:attachment":[{"href":"https:\/\/pocketdentistry.com\/vi\/index.php?rest_route=%2Fwp%2Fv2%2Fmedia&parent=17108"}],"wp:term":[{"taxonomy":"product_cat","embeddable":true,"href":"https:\/\/pocketdentistry.com\/vi\/index.php?rest_route=%2Fwp%2Fv2%2Fproduct_cat&post=17108"},{"taxonomy":"product_tag","embeddable":true,"href":"https:\/\/pocketdentistry.com\/vi\/index.php?rest_route=%2Fwp%2Fv2%2Fproduct_tag&post=17108"}],"curies":[{"name":"wp","href":"https:\/\/api.w.org\/{rel}","templated":true}]}}