{"id":1027,"date":"2019-04-05T14:14:34","date_gmt":"2019-04-05T07:14:34","guid":{"rendered":"https:\/\/pocketdentistry.com\/vi\/?post_type=product&#038;p=1027"},"modified":"2022-12-27T23:50:41","modified_gmt":"2022-12-27T16:50:41","slug":"backrest-biotec-dental-equipment","status":"publish","type":"product","link":"https:\/\/pocketdentistry.com\/vi\/?product=backrest-biotec-dental-equipment","title":{"rendered":"B\u00e0n ch\u1ea3i \u0111\u00e1nh r\u0103ng \u0111i\u1ec7n Fairywill E10 v\u00e0 d\u1ee5ng c\u1ee5 c\u1ea1o l\u01b0\u1ee1i v\u1edbi 8 \u0111\u1ea7u b\u00e0n ch\u1ea3i ti\u1ec7n l\u1ee3i d\u1ec5 s\u1eed d\u1ee5ng"},"content":{"rendered":"<p>Th\u1eddi gian giao h\u00e0ng d\u1ef1 ki\u1ebfn cho s\u1ea3n ph\u1ea9m n\u00e0y l\u00e0 t\u1eeb 7-9 ng\u00e0y<\/p>\n<p>B\u00e0n ch\u1ea3i \u0111\u00e1nh r\u0103ng \u0111i\u1ec7n Fairywill si\u00eau \u00e2m v\u1edbi d\u1ee5ng c\u1ee5 c\u1ea1o l\u01b0\u1ee1i, gi\u00fap b\u1ea1n ch\u0103m s\u00f3c r\u0103ng mi\u1ec7ng to\u00e0n di\u1ec7n. C\u00e1c chuy\u1ec3n \u0111\u1ed9ng \u00e2m thanh m\u1ea1nh m\u1ebd \u0111\u00e1nh bay kem \u0111\u00e1nh r\u0103ng th\u00e0nh c\u00e1c bong b\u00f3ng si\u00eau nh\u1ecf, \u0111\u01b0a b\u00e0n ch\u1ea3i v\u00e0o s\u00e2u gi\u1eefa c\u00e1c k\u1ebd r\u0103ng v\u00e0 d\u1ecdc theo \u0111\u01b0\u1eddng vi\u1ec1n n\u01b0\u1edbu \u0111\u1ec3 l\u00e0m s\u1ea1ch nh\u1eb9 nh\u00e0ng, hi\u1ec7u qu\u1ea3. S\u1eed d\u1ee5ng b\u00e0n ch\u1ea3i \u0111\u00e1nh r\u0103ng \u0111i\u1ec7n k\u1ebft h\u1ee3p l\u00e0m s\u1ea1ch l\u01b0\u1ee1i, b\u1ea1n c\u00f3 th\u1ec3 duy tr\u00ec m\u1ed9t r\u0103ng mi\u1ec7ng to\u00e0n di\u1ec7n.<\/p>\n<p>\u0110\u1eb7c tr\u01b0ng:<br \/>\n\u30fb L\u00ean \u0111\u1ebfn 40.000 VPM &amp; H\u1eb9n gi\u1edd th\u00f4ng minh<br \/>\n\u30fb B\u00e0n ch\u1ea3i \u0111\u00e1nh r\u0103ng \u0111i\u1ec7n &amp; d\u1ee5ng c\u1ee5 c\u1ea1o l\u01b0\u1ee1i<br \/>\n\u30fb 5 ch\u1ebf \u0111\u1ed9 hi\u1ec7u qu\u1ea3 &amp; lo\u1ea1i b\u1ecf v\u1ebft b\u1ea9n g\u1ea5p 7 l\u1ea7n<br \/>\n\u30fb 8 \u0111\u1ea7u b\u00e0n ch\u1ea3i &amp; d\u1ee5ng c\u1ee5 c\u1ea1o l\u01b0\u1ee1i<br \/>\n\u30fb C\u00e1p USB &amp; S\u1ea1c \u0111\u1ea7y 2 gi\u1edd k\u00e9o d\u00e0i trong 30 ng\u00e0y<\/p>\n<p>Chi ti\u1ebft s\u1ea3n ph\u1ea9m:<br \/>\nTh\u01b0\u01a1ng hi\u1ec7u: Fairywill<br \/>\nModel: E10<br \/>\nCh\u1ea5t li\u1ec7u: ABS \/ TPE \/ Dupont nylon<br \/>\nPin: Kh\u00f4ng bao g\u1ed3m<br \/>\nXu\u1ea5t x\u1ee9: Trung Qu\u1ed1c<\/p>\n<p>G\u00f3i h\u00e0ng bao g\u1ed3m:<br \/>\n1 * B\u00e0n ch\u1ea3i \u0111\u00e1nh r\u0103ng E10<br \/>\n8 * \u0110\u1ea7u b\u00e0n ch\u1ea3i<br \/>\n1 * D\u1ee5ng c\u1ee5 c\u1ea1o l\u01b0\u1ee1i<br \/>\n1 * C\u00e1p USB<br \/>\n1 * N\u1eafp b\u1ea3o v\u1ec7 \u0111\u1ea7u b\u00e0n ch\u1ea3i<\/p>\n","protected":false},"excerpt":{"rendered":"<p>Th\u1eddi gian giao h\u00e0ng d\u1ef1 ki\u1ebfn cho s\u1ea3n ph\u1ea9m n\u00e0y l\u00e0 t\u1eeb 7-9 ng\u00e0y B\u00e0n ch\u1ea3i \u0111\u00e1nh r\u0103ng \u0111i\u1ec7n Fairywill si\u00eau \u00e2m v\u1edbi d\u1ee5ng c\u1ee5 c\u1ea1o l\u01b0\u1ee1i, gi\u00fap b\u1ea1n ch\u0103m s\u00f3c r\u0103ng mi\u1ec7ng to\u00e0n di\u1ec7n. C\u00e1c chuy\u1ec3n \u0111\u1ed9ng \u00e2m thanh m\u1ea1nh m\u1ebd \u0111\u00e1nh bay kem \u0111\u00e1nh r\u0103ng th\u00e0nh c\u00e1c bong b\u00f3ng si\u00eau nh\u1ecf, \u0111\u01b0a b\u00e0n [&hellip;]<\/p>\n","protected":false},"featured_media":17573,"comment_status":"open","ping_status":"closed","template":"","meta":[],"product_cat":[100,37,113,78],"product_tag":[80,86,88,89],"class_list":{"0":"post-1027","1":"product","2":"type-product","3":"status-publish","4":"has-post-thumbnail","6":"product_cat-dental","7":"product_cat-equipment","8":"product_cat-stomatology","9":"product_cat-tables-and-assistants","10":"product_tag-theme-sky","11":"product_tag-upstore","12":"product_tag-woocommerce","13":"product_tag-wordpress","14":"ts_product_brand-medicstore","16":"first","17":"instock","18":"featured","19":"shipping-taxable","20":"purchasable","21":"product-type-simple"},"_links":{"self":[{"href":"https:\/\/pocketdentistry.com\/vi\/index.php?rest_route=\/wp\/v2\/product\/1027","targetHints":{"allow":["GET"]}}],"collection":[{"href":"https:\/\/pocketdentistry.com\/vi\/index.php?rest_route=\/wp\/v2\/product"}],"about":[{"href":"https:\/\/pocketdentistry.com\/vi\/index.php?rest_route=\/wp\/v2\/types\/product"}],"replies":[{"embeddable":true,"href":"https:\/\/pocketdentistry.com\/vi\/index.php?rest_route=%2Fwp%2Fv2%2Fcomments&post=1027"}],"wp:featuredmedia":[{"embeddable":true,"href":"https:\/\/pocketdentistry.com\/vi\/index.php?rest_route=\/wp\/v2\/media\/17573"}],"wp:attachment":[{"href":"https:\/\/pocketdentistry.com\/vi\/index.php?rest_route=%2Fwp%2Fv2%2Fmedia&parent=1027"}],"wp:term":[{"taxonomy":"product_cat","embeddable":true,"href":"https:\/\/pocketdentistry.com\/vi\/index.php?rest_route=%2Fwp%2Fv2%2Fproduct_cat&post=1027"},{"taxonomy":"product_tag","embeddable":true,"href":"https:\/\/pocketdentistry.com\/vi\/index.php?rest_route=%2Fwp%2Fv2%2Fproduct_tag&post=1027"}],"curies":[{"name":"wp","href":"https:\/\/api.w.org\/{rel}","templated":true}]}}